{"id":3513,"date":"2024-07-30T08:03:47","date_gmt":"2024-07-30T08:03:47","guid":{"rendered":"https:\/\/cionluxury.com\/?post_type=product&#038;p=3513"},"modified":"2024-10-27T18:18:22","modified_gmt":"2024-10-27T18:18:22","slug":"nhan-nam-ci269","status":"publish","type":"product","link":"https:\/\/ciondiamond.com\/?product=nhan-nam-ci269","title":{"rendered":"NH\u1eaaN NAm \u2013 CI269"},"content":{"rendered":"<p><strong>C\u00f3 SP<\/strong> : CI269<\/p>\n<ul>\n<li><strong>\u0110\u00e1<\/strong>\u00a0: Kim c\u01b0\u01a1ng nh\u00e2n t\u1ea1o Moissanite\/Kim c\u01b0\u01a1ng t\u1ef1 nhi\u00ean<\/li>\n<li><strong>Ch\u1ea5t li\u1ec7u v\u00e0ng \u1ee9ng d\u1ee5ng<\/strong>\u00a0: 10K, 14K, 18k<\/li>\n<li><strong>G\u00f3i s\u1ea3n ph\u1ea9m bao g\u1ed3m<\/strong>\u00a0: Nh\u1eabn kim c\u01b0\u01a1ng, h\u1ed9p b\u1ea3o s\u1ea3n ph\u1ea9m, phi\u1ebfu mua h\u00e0ng m\u1eadn b\u1ea3o h\u00e0nh<\/li>\n<li><strong>B\u1ea3o h\u00e0nh tr\u1ecdn \u0111\u1eddi<\/strong>\u00a0: V\u1ec7 sinh s\u1ea3n ph\u1ea9m, \u0111\u00e1nh b\u00f3ng l\u00e0m m\u1edbi s\u1ea3n ph\u1ea9m mi\u1ec5n ph\u00ed.<\/li>\n<\/ul>\n","protected":false},"excerpt":{"rendered":"<p>C\u00f3 SP : CI269 \u0110\u00e1\u00a0: Kim c\u01b0\u01a1ng nh\u00e2n t\u1ea1o Moissanite\/Kim c\u01b0\u01a1ng t\u1ef1 nhi\u00ean Ch\u1ea5t li\u1ec7u v\u00e0ng \u1ee9ng d\u1ee5ng\u00a0: 10K, 14K, 18k G\u00f3i s\u1ea3n ph\u1ea9m bao g\u1ed3m\u00a0: Nh\u1eabn kim c\u01b0\u01a1ng, h\u1ed9p b\u1ea3o s\u1ea3n ph\u1ea9m, phi\u1ebfu mua h\u00e0ng m\u1eadn b\u1ea3o h\u00e0nh B\u1ea3o h\u00e0nh tr\u1ecdn \u0111\u1eddi\u00a0: V\u1ec7 sinh s\u1ea3n ph\u1ea9m, \u0111\u00e1nh b\u00f3ng l\u00e0m m\u1edbi s\u1ea3n ph\u1ea9m mi\u1ec5n ph\u00ed.<\/p>\n","protected":false},"featured_media":3515,"template":"","meta":[],"product_cat":[94,42,79],"product_tag":[],"class_list":{"0":"post-3513","1":"product","2":"type-product","3":"status-publish","4":"has-post-thumbnail","6":"product_cat-cion-jewelry","7":"product_cat-trang-suc-nam","8":"product_cat-nhan-trang-suc-nam","10":"first","11":"instock","12":"shipping-taxable","13":"product-type-simple"},"yoast_head":"<!-- This site is optimized with the Yoast SEO plugin v26.0 - https:\/\/yoast.com\/wordpress\/plugins\/seo\/ -->\n<title>NH\u1eaaN NAm \u2013 CI269 - CION Diamond<\/title>\n<meta name=\"robots\" content=\"noindex, follow, max-snippet:-1, max-image-preview:large, max-video-preview:-1\" \/>\n<meta property=\"og:locale\" content=\"vi_VN\" \/>\n<meta property=\"og:type\" content=\"article\" \/>\n<meta property=\"og:title\" content=\"NH\u1eaaN NAm \u2013 CI269 - CION Diamond\" \/>\n<meta property=\"og:description\" content=\"C\u00f3 SP : CI269 \u0110\u00e1\u00a0: Kim c\u01b0\u01a1ng nh\u00e2n t\u1ea1o Moissanite\/Kim c\u01b0\u01a1ng t\u1ef1 nhi\u00ean Ch\u1ea5t li\u1ec7u v\u00e0ng \u1ee9ng d\u1ee5ng\u00a0: 10K, 14K, 18k G\u00f3i s\u1ea3n ph\u1ea9m bao g\u1ed3m\u00a0: Nh\u1eabn kim c\u01b0\u01a1ng, h\u1ed9p b\u1ea3o s\u1ea3n ph\u1ea9m, phi\u1ebfu mua h\u00e0ng m\u1eadn b\u1ea3o h\u00e0nh B\u1ea3o h\u00e0nh tr\u1ecdn \u0111\u1eddi\u00a0: V\u1ec7 sinh s\u1ea3n ph\u1ea9m, \u0111\u00e1nh b\u00f3ng l\u00e0m m\u1edbi s\u1ea3n ph\u1ea9m mi\u1ec5n ph\u00ed.\" \/>\n<meta property=\"og:url\" content=\"https:\/\/ciondiamond.com\/?product=nhan-nam-ci269\" \/>\n<meta property=\"og:site_name\" content=\"CION Diamond\" \/>\n<meta property=\"article:modified_time\" content=\"2024-10-27T18:18:22+00:00\" \/>\n<meta property=\"og:image\" content=\"https:\/\/ciondiamond.com\/wp-content\/uploads\/2024\/07\/2-37.png\" \/>\n\t<meta property=\"og:image:width\" content=\"1080\" \/>\n\t<meta property=\"og:image:height\" content=\"1080\" \/>\n\t<meta property=\"og:image:type\" content=\"image\/png\" \/>\n<meta name=\"twitter:card\" content=\"summary_large_image\" \/>\n<script type=\"application\/ld+json\" class=\"yoast-schema-graph\">{\"@context\":\"https:\/\/schema.org\",\"@graph\":[{\"@type\":\"WebPage\",\"@id\":\"https:\/\/ciondiamond.com\/?product=nhan-nam-ci269\",\"url\":\"https:\/\/ciondiamond.com\/?product=nhan-nam-ci269\",\"name\":\"NH\u1eaaN NAm \u2013 CI269 - CION Diamond\",\"isPartOf\":{\"@id\":\"https:\/\/ciondiamond.com\/#website\"},\"primaryImageOfPage\":{\"@id\":\"https:\/\/ciondiamond.com\/?product=nhan-nam-ci269#primaryimage\"},\"image\":{\"@id\":\"https:\/\/ciondiamond.com\/?product=nhan-nam-ci269#primaryimage\"},\"thumbnailUrl\":\"https:\/\/ciondiamond.com\/wp-content\/uploads\/2024\/07\/2-37.png\",\"datePublished\":\"2024-07-30T08:03:47+00:00\",\"dateModified\":\"2024-10-27T18:18:22+00:00\",\"breadcrumb\":{\"@id\":\"https:\/\/ciondiamond.com\/?product=nhan-nam-ci269#breadcrumb\"},\"inLanguage\":\"vi\",\"potentialAction\":[{\"@type\":\"ReadAction\",\"target\":[\"https:\/\/ciondiamond.com\/?product=nhan-nam-ci269\"]}]},{\"@type\":\"ImageObject\",\"inLanguage\":\"vi\",\"@id\":\"https:\/\/ciondiamond.com\/?product=nhan-nam-ci269#primaryimage\",\"url\":\"https:\/\/ciondiamond.com\/wp-content\/uploads\/2024\/07\/2-37.png\",\"contentUrl\":\"https:\/\/ciondiamond.com\/wp-content\/uploads\/2024\/07\/2-37.png\",\"width\":1080,\"height\":1080},{\"@type\":\"BreadcrumbList\",\"@id\":\"https:\/\/ciondiamond.com\/?product=nhan-nam-ci269#breadcrumb\",\"itemListElement\":[{\"@type\":\"ListItem\",\"position\":1,\"name\":\"Trang ch\u1ee7\",\"item\":\"https:\/\/ciondiamond.com\/\"},{\"@type\":\"ListItem\",\"position\":2,\"name\":\"Shop\",\"item\":\"https:\/\/ciondiamond.com\/?page_id=6\"},{\"@type\":\"ListItem\",\"position\":3,\"name\":\"NH\u1eaaN NAm \u2013 CI269\"}]},{\"@type\":\"WebSite\",\"@id\":\"https:\/\/ciondiamond.com\/#website\",\"url\":\"https:\/\/ciondiamond.com\/\",\"name\":\"CION Diamond\",\"description\":\"\",\"potentialAction\":[{\"@type\":\"SearchAction\",\"target\":{\"@type\":\"EntryPoint\",\"urlTemplate\":\"https:\/\/ciondiamond.com\/?s={search_term_string}\"},\"query-input\":{\"@type\":\"PropertyValueSpecification\",\"valueRequired\":true,\"valueName\":\"search_term_string\"}}],\"inLanguage\":\"vi\"}]}<\/script>\n<!-- \/ Yoast SEO plugin. -->","yoast_head_json":{"title":"NH\u1eaaN NAm \u2013 CI269 - CION Diamond","robots":{"index":"noindex","follow":"follow","max-snippet":"max-snippet:-1","max-image-preview":"max-image-preview:large","max-video-preview":"max-video-preview:-1"},"og_locale":"vi_VN","og_type":"article","og_title":"NH\u1eaaN NAm \u2013 CI269 - CION Diamond","og_description":"C\u00f3 SP : CI269 \u0110\u00e1\u00a0: Kim c\u01b0\u01a1ng nh\u00e2n t\u1ea1o Moissanite\/Kim c\u01b0\u01a1ng t\u1ef1 nhi\u00ean Ch\u1ea5t li\u1ec7u v\u00e0ng \u1ee9ng d\u1ee5ng\u00a0: 10K, 14K, 18k G\u00f3i s\u1ea3n ph\u1ea9m bao g\u1ed3m\u00a0: Nh\u1eabn kim c\u01b0\u01a1ng, h\u1ed9p b\u1ea3o s\u1ea3n ph\u1ea9m, phi\u1ebfu mua h\u00e0ng m\u1eadn b\u1ea3o h\u00e0nh B\u1ea3o h\u00e0nh tr\u1ecdn \u0111\u1eddi\u00a0: V\u1ec7 sinh s\u1ea3n ph\u1ea9m, \u0111\u00e1nh b\u00f3ng l\u00e0m m\u1edbi s\u1ea3n ph\u1ea9m mi\u1ec5n ph\u00ed.","og_url":"https:\/\/ciondiamond.com\/?product=nhan-nam-ci269","og_site_name":"CION Diamond","article_modified_time":"2024-10-27T18:18:22+00:00","og_image":[{"width":1080,"height":1080,"url":"https:\/\/ciondiamond.com\/wp-content\/uploads\/2024\/07\/2-37.png","type":"image\/png"}],"twitter_card":"summary_large_image","schema":{"@context":"https:\/\/schema.org","@graph":[{"@type":"WebPage","@id":"https:\/\/ciondiamond.com\/?product=nhan-nam-ci269","url":"https:\/\/ciondiamond.com\/?product=nhan-nam-ci269","name":"NH\u1eaaN NAm \u2013 CI269 - CION Diamond","isPartOf":{"@id":"https:\/\/ciondiamond.com\/#website"},"primaryImageOfPage":{"@id":"https:\/\/ciondiamond.com\/?product=nhan-nam-ci269#primaryimage"},"image":{"@id":"https:\/\/ciondiamond.com\/?product=nhan-nam-ci269#primaryimage"},"thumbnailUrl":"https:\/\/ciondiamond.com\/wp-content\/uploads\/2024\/07\/2-37.png","datePublished":"2024-07-30T08:03:47+00:00","dateModified":"2024-10-27T18:18:22+00:00","breadcrumb":{"@id":"https:\/\/ciondiamond.com\/?product=nhan-nam-ci269#breadcrumb"},"inLanguage":"vi","potentialAction":[{"@type":"ReadAction","target":["https:\/\/ciondiamond.com\/?product=nhan-nam-ci269"]}]},{"@type":"ImageObject","inLanguage":"vi","@id":"https:\/\/ciondiamond.com\/?product=nhan-nam-ci269#primaryimage","url":"https:\/\/ciondiamond.com\/wp-content\/uploads\/2024\/07\/2-37.png","contentUrl":"https:\/\/ciondiamond.com\/wp-content\/uploads\/2024\/07\/2-37.png","width":1080,"height":1080},{"@type":"BreadcrumbList","@id":"https:\/\/ciondiamond.com\/?product=nhan-nam-ci269#breadcrumb","itemListElement":[{"@type":"ListItem","position":1,"name":"Trang ch\u1ee7","item":"https:\/\/ciondiamond.com\/"},{"@type":"ListItem","position":2,"name":"Shop","item":"https:\/\/ciondiamond.com\/?page_id=6"},{"@type":"ListItem","position":3,"name":"NH\u1eaaN NAm \u2013 CI269"}]},{"@type":"WebSite","@id":"https:\/\/ciondiamond.com\/#website","url":"https:\/\/ciondiamond.com\/","name":"CION Diamond","description":"","potentialAction":[{"@type":"SearchAction","target":{"@type":"EntryPoint","urlTemplate":"https:\/\/ciondiamond.com\/?s={search_term_string}"},"query-input":{"@type":"PropertyValueSpecification","valueRequired":true,"valueName":"search_term_string"}}],"inLanguage":"vi"}]}},"_links":{"self":[{"href":"https:\/\/ciondiamond.com\/index.php?rest_route=\/wp\/v2\/product\/3513","targetHints":{"allow":["GET"]}}],"collection":[{"href":"https:\/\/ciondiamond.com\/index.php?rest_route=\/wp\/v2\/product"}],"about":[{"href":"https:\/\/ciondiamond.com\/index.php?rest_route=\/wp\/v2\/types\/product"}],"wp:featuredmedia":[{"embeddable":true,"href":"https:\/\/ciondiamond.com\/index.php?rest_route=\/wp\/v2\/media\/3515"}],"wp:attachment":[{"href":"https:\/\/ciondiamond.com\/index.php?rest_route=%2Fwp%2Fv2%2Fmedia&parent=3513"}],"wp:term":[{"taxonomy":"product_cat","embeddable":true,"href":"https:\/\/ciondiamond.com\/index.php?rest_route=%2Fwp%2Fv2%2Fproduct_cat&post=3513"},{"taxonomy":"product_tag","embeddable":true,"href":"https:\/\/ciondiamond.com\/index.php?rest_route=%2Fwp%2Fv2%2Fproduct_tag&post=3513"}],"curies":[{"name":"wp","href":"https:\/\/api.w.org\/{rel}","templated":true}]}}