{"id":4660,"date":"2024-08-07T09:37:54","date_gmt":"2024-08-07T09:37:54","guid":{"rendered":"https:\/\/cionluxury.com\/?post_type=product&#038;p=4660"},"modified":"2024-09-22T16:01:33","modified_gmt":"2024-09-22T16:01:33","slug":"nhan-cartier-love-5-5mm-vang-hong-18k","status":"publish","type":"product","link":"https:\/\/ciondiamond.com\/?product=nhan-cartier-love-5-5mm-vang-hong-18k","title":{"rendered":"Nh\u1eabn Cartier Love 5.5mm | V\u00e0ng h\u1ed3ng 18k"},"content":{"rendered":"<p class=\"product__text inline-richtext\">S\u1ea3n ph\u1ea9m \u0111\u01b0\u1ee3c gia c\u00f4ng v\u1edbi ch\u1ea5t l\u01b0\u1ee3ng t\u1ed1t nh\u1ea5t.<\/p>\n<p class=\"product__text inline-richtext\">100% S\u1ea3n ph\u1ea9m c\u00f3 ch\u1ee9ng th\u01b0 ki\u1ec3m \u0111\u1ecbnh ch\u1ea5t l\u01b0\u1ee3ng t\u1ea1i trung t\u00e2m ki\u1ec3m \u0111\u1ecbnh v\u00e0ng, \u0111\u00e1 qu\u00fd l\u1edbn nh\u1ea5t Vi\u1ec7t Nam Doji, GIV, PNJ.<\/p>\n<p class=\"product__text inline-richtext\">Kim c\u01b0\u01a1ng t\u1eeb 3ly6 c\u00f3 gi\u1ea5y ki\u1ec3m \u0111\u1ecbnh GIA \u2013 uy t\u00edn s\u1ed1 1 th\u1ebf gi\u1edbi.<\/p>\n<p class=\"product__text inline-richtext\">Ho\u00e0n tr\u1ea3 100% khi s\u1ea3n ph\u1ea9m kh\u00f4ng \u0111\u00fang ki\u1ec3m \u0111\u1ecbnh!<\/p>\n<p>Nh\u1eabn Cartier LOVE, v\u00e0ng v\u00e0ng (750\/1000).<\/p>\n<p>Chi\u1ec1u r\u1ed9ng: 5,5 mm (cho k\u00edch th\u01b0\u1edbc 52).<\/p>\n<p>Tham kh\u1ea3o. B4084600<\/p>\n<p>Xin l\u01b0u \u00fd r\u1eb1ng tr\u1ecdng l\u01b0\u1ee3ng carat, s\u1ed1 l\u01b0\u1ee3ng \u0111\u00e1 v\u00e0 k\u00edch th\u01b0\u1edbc s\u1ea3n ph\u1ea9m s\u1ebd thay \u0111\u1ed5i d\u1ef1a tr\u00ean k\u00edch th\u01b0\u1edbc s\u00e1ng t\u1ea1o m\u00e0 b\u1ea1n \u0111\u1eb7t h\u00e0ng. \u0110\u1ec3 bi\u1ebft th\u00f4ng tin chi ti\u1ebft, vui l\u00f2ng li\u00ean h\u1ec7 v\u1edbi ch\u00fang t\u00f4i.<\/p>\n","protected":false},"excerpt":{"rendered":"<p><span class=\"emoji-sizer emoji-outer \">&#x1f48e;\u00a0<\/span><span class=\"text\">\u00a0Ch\u1ea5t li\u1ec7u v\u00e0ng 18K AU750 v\u00e0 kim c\u01b0\u01a1ng thi\u00ean nhi\u00ean n\u01b0\u1edbc cao s\u1ea1ch l\u1eeda m\u1ea1nh<br \/>\n<\/span><span class=\"emoji-sizer emoji-outer \">&#x1f48e;\u00a0<\/span><span class=\"text\">\u00a0S\u1ea3n ph\u1ea9m c\u00f3 ch\u1ee9ng th\u01b0, ki\u1ec3m \u0111\u1ecbnh ch\u1ea5t l\u01b0\u1ee3ng t\u1ea1i c\u00e1c trung t\u00e2m ki\u1ec3m \u0111\u1ecbnh v\u00e0ng b\u1ea1c \u0111\u00e1 qu\u00fd l\u1edbn nh\u1ea5t t\u1ea1i VietNam nh\u01b0 Doji \/ GIV\/ PNJ<br \/>\n<\/span>&#x267b;&#xfe0f; Ho\u00e0n tr\u1ea3 100% khi s\u1ea3n ph\u1ea9m \u0111\u01b0\u1ee3c x\u00e1c \u0111\u1ecbnh sai v\u1edbi m\u00f4 t\u1ea3<\/p>\n","protected":false},"featured_media":4661,"template":"","meta":[],"product_cat":[44,57,68,42,79,84],"product_tag":[],"class_list":{"0":"post-4660","1":"product","2":"type-product","3":"status-publish","4":"has-post-thumbnail","6":"product_cat-trang-suc-nu","7":"product_cat-nhan-nu","8":"product_cat-catier-nhan-nu","9":"product_cat-trang-suc-nam","10":"product_cat-nhan-trang-suc-nam","11":"product_cat-catier-nhan-nam","13":"first","14":"instock","15":"shipping-taxable","16":"product-type-simple"},"yoast_head":"<!-- This site is optimized with the Yoast SEO plugin v26.0 - https:\/\/yoast.com\/wordpress\/plugins\/seo\/ -->\n<title>Nh\u1eabn Cartier Love 5.5mm | V\u00e0ng h\u1ed3ng 18k - CION Diamond<\/title>\n<meta name=\"robots\" content=\"noindex, follow, max-snippet:-1, max-image-preview:large, max-video-preview:-1\" \/>\n<meta property=\"og:locale\" content=\"vi_VN\" \/>\n<meta property=\"og:type\" content=\"article\" \/>\n<meta property=\"og:title\" content=\"Nh\u1eabn Cartier Love 5.5mm | V\u00e0ng h\u1ed3ng 18k - CION Diamond\" \/>\n<meta property=\"og:description\" content=\"&#x1f48e;\u00a0\u00a0Ch\u1ea5t li\u1ec7u v\u00e0ng 18K AU750 v\u00e0 kim c\u01b0\u01a1ng thi\u00ean nhi\u00ean n\u01b0\u1edbc cao s\u1ea1ch l\u1eeda m\u1ea1nh &#x1f48e;\u00a0\u00a0S\u1ea3n ph\u1ea9m c\u00f3 ch\u1ee9ng th\u01b0, ki\u1ec3m \u0111\u1ecbnh ch\u1ea5t l\u01b0\u1ee3ng t\u1ea1i c\u00e1c trung t\u00e2m ki\u1ec3m \u0111\u1ecbnh v\u00e0ng b\u1ea1c \u0111\u00e1 qu\u00fd l\u1edbn nh\u1ea5t t\u1ea1i VietNam nh\u01b0 Doji \/ GIV\/ PNJ &#x267b;&#xfe0f; Ho\u00e0n tr\u1ea3 100% khi s\u1ea3n ph\u1ea9m \u0111\u01b0\u1ee3c x\u00e1c \u0111\u1ecbnh sai v\u1edbi m\u00f4 t\u1ea3\" \/>\n<meta property=\"og:url\" content=\"https:\/\/ciondiamond.com\/?product=nhan-cartier-love-5-5mm-vang-hong-18k\" \/>\n<meta property=\"og:site_name\" content=\"CION Diamond\" \/>\n<meta property=\"article:modified_time\" content=\"2024-09-22T16:01:33+00:00\" \/>\n<meta property=\"og:image\" content=\"https:\/\/ciondiamond.com\/wp-content\/uploads\/2024\/08\/Nh_n-Cartier-Love-5.5mm-_-Vang-h_ng-18k_-129296572.png\" \/>\n\t<meta property=\"og:image:width\" content=\"750\" \/>\n\t<meta property=\"og:image:height\" content=\"750\" \/>\n\t<meta property=\"og:image:type\" content=\"image\/png\" \/>\n<meta name=\"twitter:card\" content=\"summary_large_image\" \/>\n<meta name=\"twitter:label1\" content=\"\u01af\u1edbc t\u00ednh th\u1eddi gian \u0111\u1ecdc\" \/>\n\t<meta name=\"twitter:data1\" content=\"1 ph\u00fat\" \/>\n<script type=\"application\/ld+json\" class=\"yoast-schema-graph\">{\"@context\":\"https:\/\/schema.org\",\"@graph\":[{\"@type\":\"WebPage\",\"@id\":\"https:\/\/ciondiamond.com\/?product=nhan-cartier-love-5-5mm-vang-hong-18k\",\"url\":\"https:\/\/ciondiamond.com\/?product=nhan-cartier-love-5-5mm-vang-hong-18k\",\"name\":\"Nh\u1eabn Cartier Love 5.5mm | V\u00e0ng h\u1ed3ng 18k - CION Diamond\",\"isPartOf\":{\"@id\":\"https:\/\/ciondiamond.com\/#website\"},\"primaryImageOfPage\":{\"@id\":\"https:\/\/ciondiamond.com\/?product=nhan-cartier-love-5-5mm-vang-hong-18k#primaryimage\"},\"image\":{\"@id\":\"https:\/\/ciondiamond.com\/?product=nhan-cartier-love-5-5mm-vang-hong-18k#primaryimage\"},\"thumbnailUrl\":\"https:\/\/ciondiamond.com\/wp-content\/uploads\/2024\/08\/Nh_n-Cartier-Love-5.5mm-_-Vang-h_ng-18k_-129296572.png\",\"datePublished\":\"2024-08-07T09:37:54+00:00\",\"dateModified\":\"2024-09-22T16:01:33+00:00\",\"breadcrumb\":{\"@id\":\"https:\/\/ciondiamond.com\/?product=nhan-cartier-love-5-5mm-vang-hong-18k#breadcrumb\"},\"inLanguage\":\"vi\",\"potentialAction\":[{\"@type\":\"ReadAction\",\"target\":[\"https:\/\/ciondiamond.com\/?product=nhan-cartier-love-5-5mm-vang-hong-18k\"]}]},{\"@type\":\"ImageObject\",\"inLanguage\":\"vi\",\"@id\":\"https:\/\/ciondiamond.com\/?product=nhan-cartier-love-5-5mm-vang-hong-18k#primaryimage\",\"url\":\"https:\/\/ciondiamond.com\/wp-content\/uploads\/2024\/08\/Nh_n-Cartier-Love-5.5mm-_-Vang-h_ng-18k_-129296572.png\",\"contentUrl\":\"https:\/\/ciondiamond.com\/wp-content\/uploads\/2024\/08\/Nh_n-Cartier-Love-5.5mm-_-Vang-h_ng-18k_-129296572.png\",\"width\":750,\"height\":750},{\"@type\":\"BreadcrumbList\",\"@id\":\"https:\/\/ciondiamond.com\/?product=nhan-cartier-love-5-5mm-vang-hong-18k#breadcrumb\",\"itemListElement\":[{\"@type\":\"ListItem\",\"position\":1,\"name\":\"Trang ch\u1ee7\",\"item\":\"https:\/\/ciondiamond.com\/\"},{\"@type\":\"ListItem\",\"position\":2,\"name\":\"Shop\",\"item\":\"https:\/\/ciondiamond.com\/?page_id=6\"},{\"@type\":\"ListItem\",\"position\":3,\"name\":\"Nh\u1eabn Cartier Love 5.5mm | V\u00e0ng h\u1ed3ng 18k\"}]},{\"@type\":\"WebSite\",\"@id\":\"https:\/\/ciondiamond.com\/#website\",\"url\":\"https:\/\/ciondiamond.com\/\",\"name\":\"CION Diamond\",\"description\":\"\",\"potentialAction\":[{\"@type\":\"SearchAction\",\"target\":{\"@type\":\"EntryPoint\",\"urlTemplate\":\"https:\/\/ciondiamond.com\/?s={search_term_string}\"},\"query-input\":{\"@type\":\"PropertyValueSpecification\",\"valueRequired\":true,\"valueName\":\"search_term_string\"}}],\"inLanguage\":\"vi\"}]}<\/script>\n<!-- \/ Yoast SEO plugin. -->","yoast_head_json":{"title":"Nh\u1eabn Cartier Love 5.5mm | V\u00e0ng h\u1ed3ng 18k - CION Diamond","robots":{"index":"noindex","follow":"follow","max-snippet":"max-snippet:-1","max-image-preview":"max-image-preview:large","max-video-preview":"max-video-preview:-1"},"og_locale":"vi_VN","og_type":"article","og_title":"Nh\u1eabn Cartier Love 5.5mm | V\u00e0ng h\u1ed3ng 18k - CION Diamond","og_description":"&#x1f48e;\u00a0\u00a0Ch\u1ea5t li\u1ec7u v\u00e0ng 18K AU750 v\u00e0 kim c\u01b0\u01a1ng thi\u00ean nhi\u00ean n\u01b0\u1edbc cao s\u1ea1ch l\u1eeda m\u1ea1nh &#x1f48e;\u00a0\u00a0S\u1ea3n ph\u1ea9m c\u00f3 ch\u1ee9ng th\u01b0, ki\u1ec3m \u0111\u1ecbnh ch\u1ea5t l\u01b0\u1ee3ng t\u1ea1i c\u00e1c trung t\u00e2m ki\u1ec3m \u0111\u1ecbnh v\u00e0ng b\u1ea1c \u0111\u00e1 qu\u00fd l\u1edbn nh\u1ea5t t\u1ea1i VietNam nh\u01b0 Doji \/ GIV\/ PNJ &#x267b;&#xfe0f; Ho\u00e0n tr\u1ea3 100% khi s\u1ea3n ph\u1ea9m \u0111\u01b0\u1ee3c x\u00e1c \u0111\u1ecbnh sai v\u1edbi m\u00f4 t\u1ea3","og_url":"https:\/\/ciondiamond.com\/?product=nhan-cartier-love-5-5mm-vang-hong-18k","og_site_name":"CION Diamond","article_modified_time":"2024-09-22T16:01:33+00:00","og_image":[{"width":750,"height":750,"url":"https:\/\/ciondiamond.com\/wp-content\/uploads\/2024\/08\/Nh_n-Cartier-Love-5.5mm-_-Vang-h_ng-18k_-129296572.png","type":"image\/png"}],"twitter_card":"summary_large_image","twitter_misc":{"\u01af\u1edbc t\u00ednh th\u1eddi gian \u0111\u1ecdc":"1 ph\u00fat"},"schema":{"@context":"https:\/\/schema.org","@graph":[{"@type":"WebPage","@id":"https:\/\/ciondiamond.com\/?product=nhan-cartier-love-5-5mm-vang-hong-18k","url":"https:\/\/ciondiamond.com\/?product=nhan-cartier-love-5-5mm-vang-hong-18k","name":"Nh\u1eabn Cartier Love 5.5mm | V\u00e0ng h\u1ed3ng 18k - CION Diamond","isPartOf":{"@id":"https:\/\/ciondiamond.com\/#website"},"primaryImageOfPage":{"@id":"https:\/\/ciondiamond.com\/?product=nhan-cartier-love-5-5mm-vang-hong-18k#primaryimage"},"image":{"@id":"https:\/\/ciondiamond.com\/?product=nhan-cartier-love-5-5mm-vang-hong-18k#primaryimage"},"thumbnailUrl":"https:\/\/ciondiamond.com\/wp-content\/uploads\/2024\/08\/Nh_n-Cartier-Love-5.5mm-_-Vang-h_ng-18k_-129296572.png","datePublished":"2024-08-07T09:37:54+00:00","dateModified":"2024-09-22T16:01:33+00:00","breadcrumb":{"@id":"https:\/\/ciondiamond.com\/?product=nhan-cartier-love-5-5mm-vang-hong-18k#breadcrumb"},"inLanguage":"vi","potentialAction":[{"@type":"ReadAction","target":["https:\/\/ciondiamond.com\/?product=nhan-cartier-love-5-5mm-vang-hong-18k"]}]},{"@type":"ImageObject","inLanguage":"vi","@id":"https:\/\/ciondiamond.com\/?product=nhan-cartier-love-5-5mm-vang-hong-18k#primaryimage","url":"https:\/\/ciondiamond.com\/wp-content\/uploads\/2024\/08\/Nh_n-Cartier-Love-5.5mm-_-Vang-h_ng-18k_-129296572.png","contentUrl":"https:\/\/ciondiamond.com\/wp-content\/uploads\/2024\/08\/Nh_n-Cartier-Love-5.5mm-_-Vang-h_ng-18k_-129296572.png","width":750,"height":750},{"@type":"BreadcrumbList","@id":"https:\/\/ciondiamond.com\/?product=nhan-cartier-love-5-5mm-vang-hong-18k#breadcrumb","itemListElement":[{"@type":"ListItem","position":1,"name":"Trang ch\u1ee7","item":"https:\/\/ciondiamond.com\/"},{"@type":"ListItem","position":2,"name":"Shop","item":"https:\/\/ciondiamond.com\/?page_id=6"},{"@type":"ListItem","position":3,"name":"Nh\u1eabn Cartier Love 5.5mm | V\u00e0ng h\u1ed3ng 18k"}]},{"@type":"WebSite","@id":"https:\/\/ciondiamond.com\/#website","url":"https:\/\/ciondiamond.com\/","name":"CION Diamond","description":"","potentialAction":[{"@type":"SearchAction","target":{"@type":"EntryPoint","urlTemplate":"https:\/\/ciondiamond.com\/?s={search_term_string}"},"query-input":{"@type":"PropertyValueSpecification","valueRequired":true,"valueName":"search_term_string"}}],"inLanguage":"vi"}]}},"_links":{"self":[{"href":"https:\/\/ciondiamond.com\/index.php?rest_route=\/wp\/v2\/product\/4660","targetHints":{"allow":["GET"]}}],"collection":[{"href":"https:\/\/ciondiamond.com\/index.php?rest_route=\/wp\/v2\/product"}],"about":[{"href":"https:\/\/ciondiamond.com\/index.php?rest_route=\/wp\/v2\/types\/product"}],"wp:featuredmedia":[{"embeddable":true,"href":"https:\/\/ciondiamond.com\/index.php?rest_route=\/wp\/v2\/media\/4661"}],"wp:attachment":[{"href":"https:\/\/ciondiamond.com\/index.php?rest_route=%2Fwp%2Fv2%2Fmedia&parent=4660"}],"wp:term":[{"taxonomy":"product_cat","embeddable":true,"href":"https:\/\/ciondiamond.com\/index.php?rest_route=%2Fwp%2Fv2%2Fproduct_cat&post=4660"},{"taxonomy":"product_tag","embeddable":true,"href":"https:\/\/ciondiamond.com\/index.php?rest_route=%2Fwp%2Fv2%2Fproduct_tag&post=4660"}],"curies":[{"name":"wp","href":"https:\/\/api.w.org\/{rel}","templated":true}]}}